{"id":2102,"date":"2019-04-23T08:55:39","date_gmt":"2019-04-23T06:55:39","guid":{"rendered":"https:\/\/www.miryam-alt.com\/?page_id=2102"},"modified":"2019-04-23T08:55:39","modified_gmt":"2019-04-23T06:55:39","slug":"about-us","status":"publish","type":"page","link":"https:\/\/verkauf.miryam-alt.com\/en\/about-us\/","title":{"rendered":"About us"},"content":{"rendered":"  <div id=\"page-header-973292751\" class=\"page-header-wrapper\">\n  <div class=\"page-title dark featured-title\">\n\n    \n    <div class=\"page-title-inner container align-center flex-row medium-flex-wrap\" >\n              <div class=\"title-wrapper flex-col text-left medium-text-center\">\n          <h1 class=\"entry-title mb-0\">\n            About us          <\/h1>\n        <\/div>\n                    <div class=\"title-content flex-col flex-right text-right medium-text-center\">\n        <div class=\"title-breadcrumbs pb-half pt-half\"><nav class=\"woocommerce-breadcrumb breadcrumbs uppercase\">Home<\/nav><\/div>      <\/div>\n    <\/div>\n\n       <\/div>\n    <\/div>\n  \n\n\t<section class=\"section\" id=\"section_1877961346\">\n\t\t<div class=\"section-bg fill\" >\n\t\t\t\t\t\t\t\t\t<div class=\"section-bg-overlay absolute fill\"><\/div>\n\t\t\t\n\n\t\t<\/div>\n\n\t\t\n\n\t\t<div class=\"section-content relative\">\n\t\t\t\n<div class=\"row row-large align-middle\"  id=\"row-120811465\">\n\n\t<div id=\"col-1288988861\" class=\"col medium-6 small-12 large-6\"  >\n\t\t\t\t<div class=\"col-inner text-left\"  >\n\t\t\t\n\t\t\t\n<h2>Company History<\/h2>\n<ul>\n<li><strong>1992<\/strong>\u00a0Foundation of Miryam Alt GmbH Omnibusaussattung in Ulm, Blaubeurer Strasse 95<\/li>\n<li><strong>1993<\/strong>\u00a0Move to the K\u00e4ssbohrer Strasse 9<\/li>\n<li><strong>1994<\/strong>\u00a0Occupation of our new company building in Neu-Ulm , B\u00f6ttgerstrasse 2\/1 in December<\/li>\n<li><strong>1995<\/strong>\u00a0Start of treatment and cleaning of new and used buses<\/li>\n<li><strong>1996<\/strong>\u00a0Performance of sewing and upholstery work on bus seating<\/li>\n<li><strong>2000<\/strong>\u00a0Extension of our company building<\/li>\n<li><strong>2001<\/strong>\u00a0Extension of our embroidery<\/li>\n<li><strong>2009<\/strong>\u00a0Redesigning of our showroom<\/li>\n<\/ul>\n<a href=\"\/contact\" class=\"button primary is-large expand\"  >\n\t\t<span>Contact us now!<\/span>\n\t<\/a>\n\n\t\t<\/div>\n\t\t\t\t\t<\/div>\n\n\t\n\n\t<div id=\"col-616761674\" class=\"col medium-6 small-12 large-6\"  >\n\t\t\t\t<div class=\"col-inner\"  >\n\t\t\t\n\t\t\t\n\t<div class=\"img has-hover x md-x lg-x y md-y lg-y\" id=\"image_423651840\">\n\t\t\t\t\t\t\t\t<div class=\"img-inner dark\" >\n\t\t\t\t\t\t\t\t\t\n\t\t\t\t\t<\/div>\n\t\t\t\t\t\t\t\t\n<style>\n#image_423651840 {\n  width: 100%;\n}\n<\/style>\n\t<\/div>\n\t\n\t\t<\/div>\n\t\t\t\t\t<\/div>\n\n\t\n<\/div>\n\t\t<\/div>\n\n\t\t\n<style>\n#section_1877961346 {\n  padding-top: 60px;\n  padding-bottom: 60px;\n  background-color: rgb(193, 193, 193);\n}\n#section_1877961346 .section-bg-overlay {\n  background-color: rgba(255, 255, 255, 0.85);\n}\n<\/style>\n\t<\/section>\n\t\n<div class=\"row\"  id=\"row-558152461\">\n\n\t<div id=\"col-725281664\" class=\"col small-12 large-12\"  >\n\t\t\t\t<div class=\"col-inner\"  >\n\t\t\t\n\t\t\t\n<h2>Our Departments<\/h2>\n\t\t<\/div>\n\t\t\t\t\t<\/div>\n\n\t\n<\/div>\n<div class=\"row\"  id=\"row-929769171\">\n\n\t<div id=\"col-1275063991\" class=\"col medium-4 small-12 large-4\"  >\n\t\t\t\t<div class=\"col-inner\"  >\n\t\t\t\n\t\t\t\n\t<div class=\"box has-hover   has-hover box-text-bottom\" >\n\n\t\t<div class=\"box-image\" >\n\t\t\t\t\t\t<div class=\"\" >\n\t\t\t\t<img loading=\"lazy\" decoding=\"async\" width=\"2016\" height=\"1512\" src=\"https:\/\/verkauf.miryam-alt.com\/wp-content\/uploads\/2017\/09\/IMG_2527-1.jpg\" class=\"attachment- size-\" alt=\"\" srcset=\"https:\/\/verkauf.miryam-alt.com\/wp-content\/uploads\/2017\/09\/IMG_2527-1.jpg 2016w, https:\/\/verkauf.miryam-alt.com\/wp-content\/uploads\/2017\/09\/IMG_2527-1-533x400.jpg 533w, https:\/\/verkauf.miryam-alt.com\/wp-content\/uploads\/2017\/09\/IMG_2527-1-768x576.jpg 768w, https:\/\/verkauf.miryam-alt.com\/wp-content\/uploads\/2017\/09\/IMG_2527-1-1067x800.jpg 1067w\" sizes=\"(max-width: 2016px) 100vw, 2016px\" \/>\t\t\t\t\t\t\t\t\t\t\t<\/div>\n\t\t\t\t\t<\/div>\n\n\t\t<div class=\"box-text text-center\" >\n\t\t\t<div class=\"box-text-inner\">\n\t\t\t\t\n<h3>Sewing<\/h3>\n<p>In unserer hauseigenen N\u00e4herei fertigen unsere Mitarbeiterinnen eine umfangreiche Produktpalette f\u00fcr die Innenausstattung der Omnibusse. Bez\u00fcge f\u00fcr alle Bestuhlungen, Kopfschoner- und Latze, Gardinen, Schonbez\u00fcge etc. alles in hochwertiger Verarbeitung. Jahrelange Erfahrung macht uns zu einem zuverl\u00e4ssigen und kompetenten Partner.<\/p>\n\t\t\t<\/div>\n\t\t<\/div>\n\t<\/div>\n\t\n\t\t<\/div>\n\t\t\t\t\t<\/div>\n\n\t\n\n\t<div id=\"col-829657664\" class=\"col medium-4 small-12 large-4\"  >\n\t\t\t\t<div class=\"col-inner\"  >\n\t\t\t\n\t\t\t\n\t<div class=\"box has-hover   has-hover box-text-bottom\" >\n\n\t\t<div class=\"box-image\" >\n\t\t\t\t\t\t<div class=\"\" >\n\t\t\t\t<img loading=\"lazy\" decoding=\"async\" width=\"2016\" height=\"1512\" src=\"https:\/\/verkauf.miryam-alt.com\/wp-content\/uploads\/2017\/10\/IMG_2643.jpg\" class=\"attachment- size-\" alt=\"\" srcset=\"https:\/\/verkauf.miryam-alt.com\/wp-content\/uploads\/2017\/10\/IMG_2643.jpg 2016w, https:\/\/verkauf.miryam-alt.com\/wp-content\/uploads\/2017\/10\/IMG_2643-533x400.jpg 533w, https:\/\/verkauf.miryam-alt.com\/wp-content\/uploads\/2017\/10\/IMG_2643-768x576.jpg 768w, https:\/\/verkauf.miryam-alt.com\/wp-content\/uploads\/2017\/10\/IMG_2643-1067x800.jpg 1067w\" sizes=\"(max-width: 2016px) 100vw, 2016px\" \/>\t\t\t\t\t\t\t\t\t\t\t<\/div>\n\t\t\t\t\t<\/div>\n\n\t\t<div class=\"box-text text-center\" >\n\t\t\t<div class=\"box-text-inner\">\n\t\t\t\t\n<h3>Precuttings<\/h3>\n<p>Bedingt durch die Zulieferung von Konfektionsware an Fahrzeughersteller und entsprechender Erfahrung auf dem Gebrauchtwagensektor ist es uns m\u00f6glich, auch Ihnen diesen Service zu bieten. Bei Fragen hierzu kontaktieren Sie uns einfach.<\/p>\n\t\t\t<\/div>\n\t\t<\/div>\n\t<\/div>\n\t\n\t\t<\/div>\n\t\t\t\t\t<\/div>\n\n\t\n\n\t<div id=\"col-730969202\" class=\"col medium-4 small-12 large-4\"  >\n\t\t\t\t<div class=\"col-inner\"  >\n\t\t\t\n\t\t\t\n\t<div class=\"box has-hover   has-hover box-text-bottom\" >\n\n\t\t<div class=\"box-image\" >\n\t\t\t\t\t\t<div class=\"\" >\n\t\t\t\t<img loading=\"lazy\" decoding=\"async\" width=\"2016\" height=\"1512\" src=\"https:\/\/verkauf.miryam-alt.com\/wp-content\/uploads\/2017\/10\/IMG_2606.jpg\" class=\"attachment- size-\" alt=\"\" srcset=\"https:\/\/verkauf.miryam-alt.com\/wp-content\/uploads\/2017\/10\/IMG_2606.jpg 2016w, https:\/\/verkauf.miryam-alt.com\/wp-content\/uploads\/2017\/10\/IMG_2606-533x400.jpg 533w, https:\/\/verkauf.miryam-alt.com\/wp-content\/uploads\/2017\/10\/IMG_2606-768x576.jpg 768w, https:\/\/verkauf.miryam-alt.com\/wp-content\/uploads\/2017\/10\/IMG_2606-1067x800.jpg 1067w\" sizes=\"(max-width: 2016px) 100vw, 2016px\" \/>\t\t\t\t\t\t\t\t\t\t\t<\/div>\n\t\t\t\t\t<\/div>\n\n\t\t<div class=\"box-text text-center\" >\n\t\t\t<div class=\"box-text-inner\">\n\t\t\t\t\n<h3>Verkaufsraum<\/h3>\n<p>In unserem Verkaufsraum, der \u00fcber eine Ausstellungsfl\u00e4che von \u00fcber 150 qm verf\u00fcgt, k\u00f6nnen Sie sich gerne pers\u00f6nlich \u00fcber unsere Produktpalette informieren. Eine individuelle Beratung ist f\u00fcr uns selbstverst\u00e4ndlich.<\/p>\n\t\t\t<\/div>\n\t\t<\/div>\n\t<\/div>\n\t\n\t\t<\/div>\n\t\t\t\t\t<\/div>\n\n\t\n<\/div>\n<div class=\"row\"  id=\"row-1747164830\">\n\n\t<div id=\"col-134340436\" class=\"col medium-4 small-12 large-4\"  >\n\t\t\t\t<div class=\"col-inner\"  >\n\t\t\t\n\t\t\t\n\t<div class=\"box has-hover   has-hover box-text-bottom\" >\n\n\t\t<div class=\"box-image\" >\n\t\t\t\t\t\t<div class=\"\" >\n\t\t\t\t<img loading=\"lazy\" decoding=\"async\" width=\"1920\" height=\"1280\" src=\"https:\/\/verkauf.miryam-alt.com\/wp-content\/uploads\/2017\/06\/Lager-Miryam-Alt.jpeg\" class=\"attachment- size-\" alt=\"\" srcset=\"https:\/\/verkauf.miryam-alt.com\/wp-content\/uploads\/2017\/06\/Lager-Miryam-Alt.jpeg 1920w, https:\/\/verkauf.miryam-alt.com\/wp-content\/uploads\/2017\/06\/Lager-Miryam-Alt-600x400.jpeg 600w, https:\/\/verkauf.miryam-alt.com\/wp-content\/uploads\/2017\/06\/Lager-Miryam-Alt-768x512.jpeg 768w, https:\/\/verkauf.miryam-alt.com\/wp-content\/uploads\/2017\/06\/Lager-Miryam-Alt-1200x800.jpeg 1200w\" sizes=\"(max-width: 1920px) 100vw, 1920px\" \/>\t\t\t\t\t\t\t\t\t\t\t<\/div>\n\t\t\t\t\t<\/div>\n\n\t\t<div class=\"box-text text-center\" >\n\t\t\t<div class=\"box-text-inner\">\n\t\t\t\t\n<h3>Warenlager<\/h3>\n<p>Unser umfangreiches Warenlager bietet f\u00fcr Sie eine schnelle Verf\u00fcgbarkeit unserer angebotenen Produktpalette. Ob Teppichrollen, Polsterstoff, Kaffeemaschinen etc., wir haben f\u00fcr Sie stets eine gro\u00dfe Auswahl vor Ort.<\/p>\n\t\t\t<\/div>\n\t\t<\/div>\n\t<\/div>\n\t\n\t\t<\/div>\n\t\t\t\t\t<\/div>\n\n\t\n\n\t<div id=\"col-1106028388\" class=\"col medium-4 small-12 large-4\"  >\n\t\t\t\t<div class=\"col-inner\"  >\n\t\t\t\n\t\t\t\n\t<div class=\"box has-hover   has-hover box-text-bottom\" >\n\n\t\t<div class=\"box-image\" >\n\t\t\t\t\t\t<div class=\"\" >\n\t\t\t\t<img loading=\"lazy\" decoding=\"async\" width=\"2016\" height=\"1512\" src=\"https:\/\/verkauf.miryam-alt.com\/wp-content\/uploads\/2017\/10\/IMG_2597.jpg\" class=\"attachment- size-\" alt=\"\" srcset=\"https:\/\/verkauf.miryam-alt.com\/wp-content\/uploads\/2017\/10\/IMG_2597.jpg 2016w, https:\/\/verkauf.miryam-alt.com\/wp-content\/uploads\/2017\/10\/IMG_2597-533x400.jpg 533w, https:\/\/verkauf.miryam-alt.com\/wp-content\/uploads\/2017\/10\/IMG_2597-768x576.jpg 768w, https:\/\/verkauf.miryam-alt.com\/wp-content\/uploads\/2017\/10\/IMG_2597-1067x800.jpg 1067w\" sizes=\"(max-width: 2016px) 100vw, 2016px\" \/>\t\t\t\t\t\t\t\t\t\t\t<\/div>\n\t\t\t\t\t<\/div>\n\n\t\t<div class=\"box-text text-center\" >\n\t\t\t<div class=\"box-text-inner\">\n\t\t\t\t\n<h3>Stickerei<\/h3>\n<p>Mittels hochmoderner Stickcomputer sind wir in der Lage, diverse Materialen zu Besticken. F\u00fcr eine kurzfristige und hochwertige Umsetzung Ihrer Daten zur Erstellung eines Stickprogramms ist die Programmierung in unserem Hause die perfekte Erg\u00e4nzung. (F\u00fcr Fahrerbegleitung, Kopfschoner etc.)<\/p>\n\t\t\t<\/div>\n\t\t<\/div>\n\t<\/div>\n\t\n\t\t<\/div>\n\t\t\t\t\t<\/div>\n\n\t\n\n\t<div id=\"col-7112707\" class=\"col medium-4 small-12 large-4\"  >\n\t\t\t\t<div class=\"col-inner\"  >\n\t\t\t\n\t\t\t\n\t\t<\/div>\n\t\t\t\t\t<\/div>\n\n\t\n<\/div>\n\n\t<script type=\"text\/javascript\">\n  jQuery( document ).ready(function() {\n    function initialize() {\n        var styles = {\n            'flatsome':  [{\n            \"featureType\": \"administrative\",\n            \"stylers\": [\n              { \"visibility\": \"on\" }\n            ]\n          },\n          {\n            \"featureType\": \"road\",\n            \"stylers\": [\n              { \"visibility\": \"on\" },\n              { \"hue\": \"#13b3a5\" }\n            ]\n          },\n          {\n            \"stylers\": [\n\t\t\t  { \"visibility\": \"on\" },\n\t\t\t  { \"hue\": \"#13b3a5\" },\n\t\t\t  { \"saturation\": -30 }\n            ]\n          }\n        ]};\n\n        var myLatlng = new google.maps.LatLng(48.38937, 10.03896);\n        var myOptions = {\n            zoom: 14,\n            center: myLatlng,\n            mapTypeId: google.maps.MapTypeId.ROADMAP,\n            disableDefaultUI: true,\n            mapTypeId: 'flatsome',\n            draggable: true,\n            zoomControl: false,\n            zoomControlOptions: {\n              position: google.maps.ControlPosition.TOP_LEFT\n            },\n      \t\t\tmapTypeControl: false,\n            mapTypeControlOptions: {\n              position: google.maps.ControlPosition.TOP_LEFT\n            },\n      \t\t\tstreetViewControl: false,\n            streetViewControlOptions: {\n              position: google.maps.ControlPosition.TOP_LEFT\n            },\n            scrollwheel: false,\n            disableDoubleClickZoom: true\n        }\n        var map = new google.maps.Map(document.getElementById(\"map-1057222113-inner\"), myOptions);\n        var styledMapType = new google.maps.StyledMapType(styles['flatsome'], {name: 'flatsome'});\n        map.mapTypes.set('flatsome', styledMapType);\n\n        var marker = new google.maps.Marker({\n            position: myLatlng,\n            map: map,\n            title:\"\"\n        });\n    }\n\n    \/\/ Required to proceed\n    if (!(typeof google === 'object' && typeof google.maps === 'object')) {\n      return\n    }\n\n    initialize()\n    google.maps.event.addDomListener(window, 'resize', initialize);\n    });\n    <\/script>\n\n    <div class=\"google-map relative mb\" id=\"map-1057222113\">\n        <div class=\"map-height\" id=\"map-1057222113-inner\"><\/div>\n        <div id=\"map_overlay_top\"><\/div>\n        <div id=\"map_overlay_bottom\"><\/div>\n                  <div class=\"map_inner map-inner last-reset absolute x100 md-x95 lg-x95 y100 md-y95 lg-y95\">\n              \n<p>\n<b>Miryam Alt Busequipment GmbH<\/b><br \/>\nB\u00f6ttgerstra\u00dfe 2, <br \/>89231 Neu-Ulm<\/p>\n         <\/div>\n       \n       \n<style>\n#map-1057222113 .map-inner {\n  background-color: #fff;\n  max-width: 100%;\n}\n#map-1057222113 .map-height {\n  height: 300px;\n}\n@media (min-width:550px) {\n  #map-1057222113 .map-inner {\n    max-width: 40%;\n  }\n}\n@media (min-width:850px) {\n  #map-1057222113 .map-inner {\n    max-width: 30%;\n  }\n}\n<\/style>\n    <\/div>\n\n\t\n","protected":false},"excerpt":{"rendered":"","protected":false},"author":1,"featured_media":0,"parent":0,"menu_order":0,"comment_status":"closed","ping_status":"closed","template":"page-blank.php","meta":{"footnotes":""},"class_list":["post-2102","page","type-page","status-publish","hentry"],"_links":{"self":[{"href":"https:\/\/verkauf.miryam-alt.com\/en\/wp-json\/wp\/v2\/pages\/2102\/"}],"collection":[{"href":"https:\/\/verkauf.miryam-alt.com\/en\/wp-json\/wp\/v2\/pages\/"}],"about":[{"href":"https:\/\/verkauf.miryam-alt.com\/en\/wp-json\/wp\/v2\/types\/page\/"}],"author":[{"embeddable":true,"href":"https:\/\/verkauf.miryam-alt.com\/en\/wp-json\/wp\/v2\/users\/1\/"}],"replies":[{"embeddable":true,"href":"https:\/\/verkauf.miryam-alt.com\/en\/wp-json\/wp\/v2\/comments\/?post=2102"}],"version-history":[{"count":6,"href":"https:\/\/verkauf.miryam-alt.com\/en\/wp-json\/wp\/v2\/pages\/2102\/revisions\/"}],"predecessor-version":[{"id":2246,"href":"https:\/\/verkauf.miryam-alt.com\/en\/wp-json\/wp\/v2\/pages\/2102\/revisions\/2246\/"}],"wp:attachment":[{"href":"https:\/\/verkauf.miryam-alt.com\/en\/wp-json\/wp\/v2\/media\/?parent=2102"}],"curies":[{"name":"wp","href":"https:\/\/api.w.org\/{rel}","templated":true}]}}