{"id":2107,"date":"2019-04-23T08:55:43","date_gmt":"2019-04-23T06:55:43","guid":{"rendered":"https:\/\/www.miryam-alt.com\/?page_id=2107"},"modified":"2019-04-23T08:55:43","modified_gmt":"2019-04-23T06:55:43","slug":"terms-and-conditions","status":"publish","type":"page","link":"https:\/\/verkauf.miryam-alt.com\/en\/terms-and-conditions\/","title":{"rendered":"Terms and Conditions"},"content":{"rendered":"<h2>TERMS AND CONDITIONS WITH CANCELLATION TERMS of  Miryam Alt GmbH<\/h2>\n<p>&nbsp;<\/p>\n<ol>\n<li>\n<div class=\"listtitle\">ZUSTANDEKOMMEN DES VERTRAGS<\/div>\n<p>Die Darstellung der Waren in unserem Online-Shop ist kein rechtlich wirksames Angebot, sondern der Besteller gibt durch seine Online-Bestellung ein verbindliches Kaufangebot ab. Wir nehmen das Kaufangebot durch ausdr\u00fcckliche Auftragsbest\u00e4tigung per E-Mail oder durch Lieferung der bestellten Ware an. Eine E-Mail, mit der wir nur den Eingang der Bestellung best\u00e4tigen, ist noch keine verbindliche Annahme des Kaufangebots.<\/li>\n<li>\n<div class=\"listtitle\">WIDERRUFSBELEHRUNG<\/div>\n<ol>\n<li>\n<div class=\"listtitle\">WIDERRUFSRECHT<\/div>\n<p>Der Besteller kann seine Vertragserkl\u00e4rung innerhalb von zwei Wochen ohne Angabe von Gr\u00fcnden in Textform (z.B. Brief, Fax, E-Mail) oder durch R\u00fccksendung der Sache widerrufen. Die Frist beginnt fr\u00fchestens mit Erhalt dieser Belehrung; jedoch bei der Lieferung von Waren nicht vor dem Tag des Eingangs bei dem Besteller und bei Dienstleistungen nicht vor dem Tage des Vertragsschlusses. Zur Wahrung der Widerrufsfrist gen\u00fcgt die rechtzeitige Absendung des Widerrufs oder der Sache.<\/p>\n<p>Ein Widerrufsrecht besteht nicht bei Audio- oder Videoaufzeichnungen (z.B. CDs, Videokassetten, DVDs) oder Software, die vom Besteller entsiegelt worden ist, ferner nicht bei Leistungen, die online \u00fcbermittelt worden sind (z.B. Software zum Download) und bei der Lieferung von Zeitungen, Zeitschriften und Illustrierten.:<\/p>\n<p>Der Widerruf ist zu richten an:<\/p>\n<p>Miryam Alt GmbH Busequipment<br \/>\nB\u00f6ttgerstrasse 2\/1<br \/>\n89231 Neu-Ulm<\/p>\n<p>Telefon: 0731\/974270<br \/>\nTelefax: 0731\/9742731<br \/>\nE-Mail: info@miryam-alt.com<\/li>\n<li>\n<div class=\"listtitle\">FOLGEN DES WIDERRUFS<\/div>\n<p>Im Falle eines wirksamen Widerrufs sind die beiderseits empfangenen Leistungen zur\u00fcckzugew\u00e4hren und gegebenenfalls gezogene Nutzungen (z.B. Zinsen) herauszugeben. Kann uns der Besteller die empfangene Leistung ganz oder teilweise nicht oder nur in verschlechtertem Zustand zur\u00fcckgew\u00e4hren, muss er uns insoweit gegebenenfalls Wertersatz leisten. Bei der \u00dcberlassung von Sachen gilt dies nicht, wenn die Verschlechterung der Sache ausschlie\u00dflich auf deren Pr\u00fcfung \u2013 wie sie von dem Besteller etwa im Ladengesch\u00e4ft m\u00f6glich gewesen w\u00e4re \u2013 zur\u00fcckzuf\u00fchren ist. Im \u00fcbrigen kann der Besteller die Wertersatzpflicht vermeiden, indem er die Sache nicht wie sein Eigentum in Gebrauch nimmt und alles unterl\u00e4sst, was deren Wert beeintr\u00e4chtigt.<br \/>\nPaketversandf\u00e4hige Sachen sind zur\u00fcckzusenden. Der Besteller hat die Kosten der R\u00fccksendung zu tragen, wenn die gelieferte Ware der bestellten Ware entspricht und wenn der Preis der zur\u00fcckzusendenden Ware einen Betrag von 40,00 \u20ac nicht \u00fcbersteigt oder wenn er bei einem h\u00f6heren Preis der Sache zum Zeitpunkt des Widerrufs noch nicht die Gegenleistung oder die vertraglich vereinbarte Teilleistung erbracht hat. Anderenfalls ist die R\u00fccksendung f\u00fcr den Besteller kostenfrei.<br \/>\nVerpflichtungen zur Erstattung von Zahlungen muss der Besteller innerhalb von 30 Tagen nach Absendung der Widerrufserkl\u00e4rung erf\u00fcllen.<\/li>\n<\/ol>\n<\/li>\n<li>\n<div class=\"listtitle\">LIEFERUNG<\/div>\n<p>Rechtzeitige und richtige Selbstbelieferung behalten wir uns vor. Dies gilt nicht, wenn wir die Nichtbelieferung zu vertreten, insbesondere kein konkludentes Deckungsgesch\u00e4ft abgeschlossen haben. Wir werden den Besteller \u00fcber die Nichtverf\u00fcgbarkeit der Ware informieren und eine schon erbrachte Gegenleistung unverz\u00fcglich zur\u00fcckerstatten.<\/li>\n<li>\n<div class=\"listtitle\">EIGENTUMSVORBEHALT<\/div>\n<p>Die Ware bleibt bis zur vollst\u00e4ndigen Bezahlung unser Eigentum.<\/li>\n<li>\n<div class=\"listtitle\">PREISE<\/div>\n<ol>\n<li>Unsere Preise richten sich nach den zum Zeitpunkt der Bestellung im Online-Shop aufgef\u00fchrten Preisen, die die gesetzliche Umsatzsteuer nicht enthalten.<\/li>\n<li>Die Versandkosten sind in separater Schrift im Online-Shop nachzulese.<\/li>\n<\/ol>\n<\/li>\n<li>\n<div class=\"listtitle\">ANSPR\u00dcCHE WEGEN EINES MANGELS DER WARE<\/div>\n<p>Bei M\u00e4ngeln hat der Besteller die gesetzlichen Anspr\u00fcche.<\/li>\n<li>\n<div class=\"listtitle\">HAFTUNG<\/div>\n<ol>\n<li>Wir haften unbeschr\u00e4nkt f\u00fcr Vorsatz und grobe Fahrl\u00e4ssigkeit, f\u00fcr das Fehlen von garantierten Beschaffenheiten und f\u00fcr schuldhaft von uns, unseren gesetzlichen Vertretern und Erf\u00fcllungsgehilfen verursachte Sch\u00e4den des Bestellers an Leib, Leben oder Gesundheit. Unsere Haftung f\u00fcr sonstige Sch\u00e4den durch leicht fahrl\u00e4ssige Verletzung nicht wesentlicher Vertragspflichten ist ausgeschlossen. Im Fall der leicht fahrl\u00e4ssigen Verletzung wesentlicher Vertragspflichten ist unsere Haftung beschr\u00e4nkt auf den vertragstypischen vorhersehbaren Schaden.<\/li>\n<li>Unsere Haftung nach dem Produkthaftungsgesetz bleibt unber\u00fchrt.<\/li>\n<\/ol>\n<\/li>\n<li>\n<div class=\"listtitle\">ANWENDBARES RECHT, DATENSCHUTZ, SALVATORISCHE KLAUSEL<\/div>\n<ol>\n<li>Es gilt deutsches Recht; die Geltung des UN-Kaufrechts (CISG) ist ausgeschlossen.<\/li>\n<li>Hat der Besteller keinen inl\u00e4ndischen allgemeinen Gerichtsstand, hat er seinen Wohnsitz oder seinen gew\u00f6hnlichen Aufenthaltsort nach Vertragsschluss ins Ausland verlegt oder sind zum Zeitpunkt der Klageerhebung weder Wohnsitz noch gew\u00f6hnlicher Aufenthaltsort des Bestellers bekannt, ist unser Sitz als Gerichtsstand vereinbart; wir sind aber auch berechtigt, am Sitz des Bestellers zu klagen.<\/li>\n<li>Die erforderlichen Daten des Bestellers, insbesondere Name und Adresse, werden zum Zwecke der Erf\u00fcllung des Vertragsverh\u00e4ltnisses erhoben, verarbeitet und genutzt.<\/li>\n<li>Sollten eine oder mehrere dieser Bedingungen unwirksam sein oder werden, wird die Wirksamkeit der \u00fcbrigen Bedingungen hiervon nicht ber\u00fchrt.<\/li>\n<\/ol>\n<\/li>\n<\/ol>\n<p>Stand 2\/2010, Version 1<\/p>\n","protected":false},"excerpt":{"rendered":"<p>TERMS AND CONDITIONS WITH CANCELLATION TERMS of Miryam Alt GmbH &nbsp; ZUSTANDEKOMMEN DES VERTRAGS Die Darstellung der Waren in unserem Online-Shop ist kein rechtlich wirksames Angebot, sondern der Besteller gibt durch seine Online-Bestellung ein verbindliches Kaufangebot ab. Wir nehmen das Kaufangebot durch ausdr\u00fcckliche Auftragsbest\u00e4tigung per E-Mail oder durch Lieferung der bestellten Ware an. Eine E-Mail, [&#8230;]\n","protected":false},"author":1,"featured_media":0,"parent":0,"menu_order":0,"comment_status":"closed","ping_status":"closed","template":"","meta":{"footnotes":""},"class_list":["post-2107","page","type-page","status-publish","hentry"],"_links":{"self":[{"href":"https:\/\/verkauf.miryam-alt.com\/en\/wp-json\/wp\/v2\/pages\/2107\/"}],"collection":[{"href":"https:\/\/verkauf.miryam-alt.com\/en\/wp-json\/wp\/v2\/pages\/"}],"about":[{"href":"https:\/\/verkauf.miryam-alt.com\/en\/wp-json\/wp\/v2\/types\/page\/"}],"author":[{"embeddable":true,"href":"https:\/\/verkauf.miryam-alt.com\/en\/wp-json\/wp\/v2\/users\/1\/"}],"replies":[{"embeddable":true,"href":"https:\/\/verkauf.miryam-alt.com\/en\/wp-json\/wp\/v2\/comments\/?post=2107"}],"version-history":[{"count":2,"href":"https:\/\/verkauf.miryam-alt.com\/en\/wp-json\/wp\/v2\/pages\/2107\/revisions\/"}],"predecessor-version":[{"id":2109,"href":"https:\/\/verkauf.miryam-alt.com\/en\/wp-json\/wp\/v2\/pages\/2107\/revisions\/2109\/"}],"wp:attachment":[{"href":"https:\/\/verkauf.miryam-alt.com\/en\/wp-json\/wp\/v2\/media\/?parent=2107"}],"curies":[{"name":"wp","href":"https:\/\/api.w.org\/{rel}","templated":true}]}}