{"id":2139,"date":"2019-04-23T08:55:42","date_gmt":"2019-04-23T06:55:42","guid":{"rendered":"https:\/\/www.miryam-alt.com\/?page_id=2139"},"modified":"2019-04-23T08:55:42","modified_gmt":"2019-04-23T06:55:42","slug":"revocation-instruction","status":"publish","type":"page","link":"https:\/\/verkauf.miryam-alt.com\/en\/revocation-instruction\/","title":{"rendered":"Revocation Instruction"},"content":{"rendered":"<h2 class=\"listtitle\"><b>Right of Revocation<\/b><\/h2>\n<p><a href=\"\/wp-content\/uploads\/2017\/07\/Widerruf-Formular-Miryam-Alt.pdf\">Our revocation instruction can be found here.<\/a><\/p>\n<p>Sie k\u00f6nnen Ihre Vertragserkl\u00e4rung innerhalb von 14 Tagen ohne Angabe von Gr\u00fcnden in Textform (z.B. Brief, Fax, E-Mail) oder &#8211; wenn Ihnen die Sache vor Fristablauf \u00fcberlassen wird &#8211; auch durch R\u00fccksendung der Sache widerrufen. Die Frist beginnt nach Erhalt dieser Belehrung in Textform, jedoch nicht vor Eingang der Ware beim Empf\u00e4nger (bei der wiederkehrenden Lieferung gleichartiger Waren nicht vor Eingang der ersten Teillieferung) und auch nicht vor Erf\u00fcllung unserer Informationspflichten gem\u00e4\u00df Artikel 246 \u00a7 2 in Verbindung mit \u00a7 1 Abs. 1 und 2 EGBGB. Zur Wahrung der Widerrufsfrist gen\u00fcgt die rechtzeitige Absendung des Widerrufs oder der Sache. Der Widerruf ist zu richten an:<\/p>\n<p>Miryam Alt GmbH Busequipment<br \/>\nB\u00f6ttgerstrasse 2\/1<br \/>\n89231 Neu-Ulm<\/p>\n<p>Telephone: 0731\/974270<br \/>\nTelefax: 0731\/9742731<br \/>\nE-Mail: info@miryam-alt.com<br \/>\n<b><\/b><\/p>\n<h2><b>Widerrufsfolgen<\/b><\/h2>\n<p>Im Falle eines wirksamen Widerrufs sind die beiderseits empfangenen Leistungen zur\u00fcckzugew\u00e4hren und ggf. gezogene Nutzungen (z.B. Zinsen) herauszugeben. K\u00f6nnen Sie uns die empfangene Leistung sowie Nutzungen (z.B. Gebrauchsvorteile) nicht oder teilweise nicht oder nur in verschlechtertem Zustand zur\u00fcckgew\u00e4hren beziehungsweise herausgeben, m\u00fcssen Sie uns insoweit Wertersatz leisten. F\u00fcr die Verschlechterung der Sache m\u00fcssen Sie Wertersatz nur leisten, soweit die Verschlechterung auf einen Umgang mit der Sache zur\u00fcckzuf\u00fchren ist, der \u00fcber die Pr\u00fcfung der Eigenschaften und der Funktionsweise hinausgeht. Unter &#8220;Pr\u00fcfung der Eigenschaften und der Funktionsweise&#8221; versteht man das Testen und Ausprobieren der jeweiligen Ware, wie es etwa im Ladengesch\u00e4ft m\u00f6glich und \u00fcblich ist.Paketversandf\u00e4hige Sachen sind auf unsere Kosten und Gefahr zur\u00fcckzusenden. Nicht paketversandf\u00e4hige Sachen werden bei Ihnen abgeholt. Verpflichtungen zur Erstattung von Zahlungen m\u00fcssen innerhalb von 30 Tagen erf\u00fcllt werden. Die Frist beginnt f\u00fcr Sie mit der Absendung Ihrer Widerrufserkl\u00e4rung oder der Sache, f\u00fcr uns mit deren Empfang.<\/p>\n<p>Ende der Widerrufsbelehrung<\/p>\n","protected":false},"excerpt":{"rendered":"<p>Right of Revocation Our revocation instruction can be found here. Sie k\u00f6nnen Ihre Vertragserkl\u00e4rung innerhalb von 14 Tagen ohne Angabe von Gr\u00fcnden in Textform (z.B. Brief, Fax, E-Mail) oder &#8211; wenn Ihnen die Sache vor Fristablauf \u00fcberlassen wird &#8211; auch durch R\u00fccksendung der Sache widerrufen. Die Frist beginnt nach Erhalt dieser Belehrung in Textform, jedoch [&#8230;]\n","protected":false},"author":1,"featured_media":0,"parent":0,"menu_order":0,"comment_status":"closed","ping_status":"closed","template":"","meta":{"footnotes":""},"class_list":["post-2139","page","type-page","status-publish","hentry"],"_links":{"self":[{"href":"https:\/\/verkauf.miryam-alt.com\/en\/wp-json\/wp\/v2\/pages\/2139\/"}],"collection":[{"href":"https:\/\/verkauf.miryam-alt.com\/en\/wp-json\/wp\/v2\/pages\/"}],"about":[{"href":"https:\/\/verkauf.miryam-alt.com\/en\/wp-json\/wp\/v2\/types\/page\/"}],"author":[{"embeddable":true,"href":"https:\/\/verkauf.miryam-alt.com\/en\/wp-json\/wp\/v2\/users\/1\/"}],"replies":[{"embeddable":true,"href":"https:\/\/verkauf.miryam-alt.com\/en\/wp-json\/wp\/v2\/comments\/?post=2139"}],"version-history":[{"count":3,"href":"https:\/\/verkauf.miryam-alt.com\/en\/wp-json\/wp\/v2\/pages\/2139\/revisions\/"}],"predecessor-version":[{"id":2142,"href":"https:\/\/verkauf.miryam-alt.com\/en\/wp-json\/wp\/v2\/pages\/2139\/revisions\/2142\/"}],"wp:attachment":[{"href":"https:\/\/verkauf.miryam-alt.com\/en\/wp-json\/wp\/v2\/media\/?parent=2139"}],"curies":[{"name":"wp","href":"https:\/\/api.w.org\/{rel}","templated":true}]}}