{"id":3436,"date":"2019-02-01T16:55:24","date_gmt":"2019-02-01T15:55:24","guid":{"rendered":"https:\/\/www.miryam-alt.com\/produkt\/on-board-small-kitchen-fob-822\/"},"modified":"2019-02-01T16:55:24","modified_gmt":"2019-02-01T15:55:24","slug":"on-board-small-kitchen-fob-822","status":"publish","type":"product","link":"https:\/\/verkauf.miryam-alt.com\/en\/produkt\/on-board-small-kitchen-fob-822\/","title":{"rendered":"On board small kitchen FOB 822"},"content":{"rendered":"<p>Nespresso Kaffeemaschine Gemini CS 223 (230 V), Milchsch\u00e4umer, 2 x 3 l Wassertanks herausnehmbar, Stauf\u00e4cher, Fallt\u00fcr, abschlie\u00dfbar, LED-Innenbeleuchtung.<\/p>\n<p>Optionen:<\/p>\n<p>Variante mit Wurstkocher und Ausgussbecken, Wechselrichter 24 V\/ 230 V\/ 3000W<\/p>\n<p>Abmessungen H x B x T: ca. 960x920x267 (478)mm<\/p>\n<p>Gewicht ca. 83 kg (ohne Halter)<\/p>\n<p>Anschlusswerte: 230 V\/ 11 A \/ 2410 W<\/p>\n","protected":false},"excerpt":{"rendered":"<p>Nespresso Kaffeemaschine Gemini CS 223 (230 V), Milchsch\u00e4umer, 2 x 3 l Wassertanks herausnehmbar, Stauf\u00e4cher, Fallt\u00fcr, abschlie\u00dfbar, LED-Innenbeleuchtung. Optionen: Variante mit Wurstkocher und Ausgussbecken, Wechselrichter 24 V\/ 230 V\/ 3000W Abmessungen H x B x T: ca. 960x920x267 (478)mm Gewicht ca. 83 kg (ohne Halter) Anschlusswerte: 230 V\/ 11 A \/ 2410 W<\/p>\n","protected":false},"featured_media":3411,"comment_status":"closed","ping_status":"closed","template":"","meta":[],"product_brand":[],"product_cat":[390,286],"product_tag":[],"class_list":{"0":"post-3436","1":"product","2":"type-product","3":"status-publish","4":"has-post-thumbnail","6":"product_cat-kitchens","7":"product_cat-onboard-kitchen-equipment","8":"product_shipping_class-haulage-company-needed","10":"first","11":"instock","12":"taxable","13":"shipping-taxable","14":"product-type-simple"},"_links":{"self":[{"href":"https:\/\/verkauf.miryam-alt.com\/en\/wp-json\/wp\/v2\/product\/3436\/"}],"collection":[{"href":"https:\/\/verkauf.miryam-alt.com\/en\/wp-json\/wp\/v2\/product\/"}],"about":[{"href":"https:\/\/verkauf.miryam-alt.com\/en\/wp-json\/wp\/v2\/types\/product\/"}],"replies":[{"embeddable":true,"href":"https:\/\/verkauf.miryam-alt.com\/en\/wp-json\/wp\/v2\/comments\/?post=3436"}],"wp:featuredmedia":[{"embeddable":true,"href":"https:\/\/verkauf.miryam-alt.com\/en\/wp-json\/wp\/v2\/media\/3411\/"}],"wp:attachment":[{"href":"https:\/\/verkauf.miryam-alt.com\/en\/wp-json\/wp\/v2\/media\/?parent=3436"}],"wp:term":[{"taxonomy":"product_brand","embeddable":true,"href":"https:\/\/verkauf.miryam-alt.com\/en\/wp-json\/wp\/v2\/product_brand\/?post=3436"},{"taxonomy":"product_cat","embeddable":true,"href":"https:\/\/verkauf.miryam-alt.com\/en\/wp-json\/wp\/v2\/product_cat\/?post=3436"},{"taxonomy":"product_tag","embeddable":true,"href":"https:\/\/verkauf.miryam-alt.com\/en\/wp-json\/wp\/v2\/product_tag\/?post=3436"}],"curies":[{"name":"wp","href":"https:\/\/api.w.org\/{rel}","templated":true}]}}